{"id":991,"date":"2020-11-05T22:48:52","date_gmt":"2020-11-05T21:48:52","guid":{"rendered":"http:\/\/deco-rentable.fr\/?page_id=991"},"modified":"2021-05-07T11:52:53","modified_gmt":"2021-05-07T09:52:53","slug":"elementor-991","status":"publish","type":"page","link":"https:\/\/deco-rentable.fr\/?page_id=991","title":{"rendered":"Audit"},"content":{"rendered":"\t\t<div data-elementor-type=\"wp-page\" data-elementor-id=\"991\" class=\"elementor elementor-991\">\n\t\t\t\t\t\t<div class=\"elementor-inner\">\n\t\t\t\t<div class=\"elementor-section-wrap\">\n\t\t\t\t\t\t\t\t\t<section class=\"elementor-section elementor-top-section elementor-element elementor-element-eb02138 elementor-section-boxed elementor-section-height-default elementor-section-height-default\" data-id=\"eb02138\" data-element_type=\"section\">\n\t\t\t\t\t\t<div class=\"elementor-container elementor-column-gap-default\">\n\t\t\t\t\t\t\t<div class=\"elementor-row\">\n\t\t\t\t\t<div class=\"elementor-column elementor-col-100 elementor-top-column elementor-element elementor-element-e697b61\" data-id=\"e697b61\" data-element_type=\"column\">\n\t\t\t<div class=\"elementor-column-wrap elementor-element-populated\">\n\t\t\t\t\t\t\t<div class=\"elementor-widget-wrap\">\n\t\t\t\t\t\t<div class=\"elementor-element elementor-element-a98a394 elementor-widget elementor-widget-heading\" data-id=\"a98a394\" data-element_type=\"widget\" data-widget_type=\"heading.default\">\n\t\t\t\t<div class=\"elementor-widget-container\">\n\t\t\t<h2 class=\"elementor-heading-title elementor-size-default\">Le secteur de la location courte dur\u00e9e est devenu tellement concurrentiel qu'il est devenu indispensable de se professionnaliser !<\/h2>\t\t<\/div>\n\t\t\t\t<\/div>\n\t\t\t\t\t\t<\/div>\n\t\t\t\t\t<\/div>\n\t\t<\/div>\n\t\t\t\t\t\t\t\t<\/div>\n\t\t\t\t\t<\/div>\n\t\t<\/section>\n\t\t\t\t<section class=\"elementor-section elementor-top-section elementor-element elementor-element-d9cdb12 elementor-section-boxed elementor-section-height-default elementor-section-height-default\" data-id=\"d9cdb12\" data-element_type=\"section\">\n\t\t\t\t\t\t<div class=\"elementor-container elementor-column-gap-default\">\n\t\t\t\t\t\t\t<div class=\"elementor-row\">\n\t\t\t\t\t<div class=\"elementor-column elementor-col-100 elementor-top-column elementor-element elementor-element-a30099a\" data-id=\"a30099a\" data-element_type=\"column\">\n\t\t\t<div class=\"elementor-column-wrap elementor-element-populated\">\n\t\t\t\t\t\t\t<div class=\"elementor-widget-wrap\">\n\t\t\t\t\t\t<div class=\"elementor-element elementor-element-ac03c7a elementor-widget elementor-widget-spacer\" data-id=\"ac03c7a\" data-element_type=\"widget\" data-widget_type=\"spacer.default\">\n\t\t\t\t<div class=\"elementor-widget-container\">\n\t\t\t\t\t<div class=\"elementor-spacer\">\n\t\t\t<div class=\"elementor-spacer-inner\"><\/div>\n\t\t<\/div>\n\t\t\t\t<\/div>\n\t\t\t\t<\/div>\n\t\t\t\t\t\t<\/div>\n\t\t\t\t\t<\/div>\n\t\t<\/div>\n\t\t\t\t\t\t\t\t<\/div>\n\t\t\t\t\t<\/div>\n\t\t<\/section>\n\t\t\t\t<section class=\"elementor-section elementor-top-section elementor-element elementor-element-037e25d elementor-section-boxed elementor-section-height-default elementor-section-height-default\" data-id=\"037e25d\" data-element_type=\"section\">\n\t\t\t\t\t\t<div class=\"elementor-container elementor-column-gap-default\">\n\t\t\t\t\t\t\t<div class=\"elementor-row\">\n\t\t\t\t\t<div class=\"elementor-column elementor-col-50 elementor-top-column elementor-element elementor-element-d7183e8\" data-id=\"d7183e8\" data-element_type=\"column\">\n\t\t\t<div class=\"elementor-column-wrap elementor-element-populated\">\n\t\t\t\t\t\t\t<div class=\"elementor-widget-wrap\">\n\t\t\t\t\t\t<div class=\"elementor-element elementor-element-45c3381 elementor-widget elementor-widget-image\" data-id=\"45c3381\" data-element_type=\"widget\" data-widget_type=\"image.default\">\n\t\t\t\t<div class=\"elementor-widget-container\">\n\t\t\t\t\t\t\t\t<div class=\"elementor-image\">\n\t\t\t\t\t\t\t\t\t\t\t\t<img width=\"768\" height=\"768\" src=\"https:\/\/deco-rentable.fr\/wp-content\/uploads\/2020\/11\/Audit2-copie-768x768.jpg\" class=\"attachment-medium_large size-medium_large wp-image-942\" alt=\"\" loading=\"lazy\" srcset=\"https:\/\/deco-rentable.fr\/wp-content\/uploads\/2020\/11\/Audit2-copie-768x768.jpg 768w, https:\/\/deco-rentable.fr\/wp-content\/uploads\/2020\/11\/Audit2-copie-300x300.jpg 300w, https:\/\/deco-rentable.fr\/wp-content\/uploads\/2020\/11\/Audit2-copie-1024x1024.jpg 1024w, https:\/\/deco-rentable.fr\/wp-content\/uploads\/2020\/11\/Audit2-copie-150x150.jpg 150w, https:\/\/deco-rentable.fr\/wp-content\/uploads\/2020\/11\/Audit2-copie-1536x1536.jpg 1536w, https:\/\/deco-rentable.fr\/wp-content\/uploads\/2020\/11\/Audit2-copie-2048x2048.jpg 2048w\" sizes=\"(max-width: 768px) 100vw, 768px\" \/>\t\t\t\t\t\t\t\t\t\t\t\t\t\t<\/div>\n\t\t\t\t\t\t<\/div>\n\t\t\t\t<\/div>\n\t\t\t\t\t\t<\/div>\n\t\t\t\t\t<\/div>\n\t\t<\/div>\n\t\t\t\t<div class=\"elementor-column elementor-col-50 elementor-top-column elementor-element elementor-element-9a54929\" data-id=\"9a54929\" data-element_type=\"column\">\n\t\t\t<div class=\"elementor-column-wrap elementor-element-populated\">\n\t\t\t\t\t\t\t<div class=\"elementor-widget-wrap\">\n\t\t\t\t\t\t<div class=\"elementor-element elementor-element-fbc792d elementor-widget elementor-widget-text-editor\" data-id=\"fbc792d\" data-element_type=\"widget\" data-widget_type=\"text-editor.default\">\n\t\t\t\t<div class=\"elementor-widget-container\">\n\t\t\t\t\t\t\t\t<div class=\"elementor-text-editor elementor-clearfix\">\n\t\t\t\t<p><span style=\"text-decoration: underline;\"><strong>POURQUOI\u00a0faire un Audit de mes logements en location ?<\/strong><\/span><\/p><p>&#8211; Augmenter mon taux de r\u00e9servation<\/p><p>&#8211; Augmenter ma rentabilit\u00e9<\/p><p>&#8211; Augmenter mes notes et ma satisfaction client<\/p><p>&#8211; (Re)devenir concurrentiel et tendance<\/p><p>&#8211; \u00catre conformes aux lois, r\u00e9glementation et standards en vigueurs<\/p><div>\u00a0<\/div><p><strong><span style=\"text-decoration: underline;\">POUR QUI cet Audit est int\u00e9ressant ?<\/span><\/strong><\/p><p>&#8211; TOUS les propri\u00e9taires de locations LCD (Location Courte Dur\u00e9e), meubl\u00e9e, \u00e9tudiante d\u00e9j\u00e0 sur le march\u00e9<\/p>\t\t\t\t\t<\/div>\n\t\t\t\t\t\t<\/div>\n\t\t\t\t<\/div>\n\t\t\t\t\t\t<\/div>\n\t\t\t\t\t<\/div>\n\t\t<\/div>\n\t\t\t\t\t\t\t\t<\/div>\n\t\t\t\t\t<\/div>\n\t\t<\/section>\n\t\t\t\t<section class=\"elementor-section elementor-top-section elementor-element elementor-element-6279e1c elementor-section-boxed elementor-section-height-default elementor-section-height-default\" data-id=\"6279e1c\" data-element_type=\"section\">\n\t\t\t\t\t\t<div class=\"elementor-container elementor-column-gap-default\">\n\t\t\t\t\t\t\t<div class=\"elementor-row\">\n\t\t\t\t\t<div class=\"elementor-column elementor-col-100 elementor-top-column elementor-element elementor-element-ad821c6\" data-id=\"ad821c6\" data-element_type=\"column\">\n\t\t\t<div class=\"elementor-column-wrap elementor-element-populated\">\n\t\t\t\t\t\t\t<div class=\"elementor-widget-wrap\">\n\t\t\t\t\t\t<div class=\"elementor-element elementor-element-21a46fd elementor-widget elementor-widget-text-editor\" data-id=\"21a46fd\" data-element_type=\"widget\" data-widget_type=\"text-editor.default\">\n\t\t\t\t<div class=\"elementor-widget-container\">\n\t\t\t\t\t\t\t\t<div class=\"elementor-text-editor elementor-clearfix\">\n\t\t\t\t<p><span style=\"text-decoration: underline;\"><strong>COMPOSITION de l\u2019Audit&nbsp;?<\/strong><\/span><\/p>\n<p>1\u00b0) \u00c9tude de march\u00e9 = Localisation et environnement, concurrence directe, client\u00e8le et commentaires + r\u00e9sultats et conclusions<\/p>\n<p>2\u00b0) Identification des points d\u2019am\u00e9lioration et propositions de solutions<\/p>\n<p>3\u00b0) Plans, bon de commande, r\u00e9daction ou conseils personnalis\u00e9s suivants les besoins.<\/p><p><br><\/p>\n<p><\/p>\n<p><span style=\"text-decoration: underline;\"><strong>PRIX \/ PRESTATION :<\/strong><\/span> 450\u20ac TTC \/logement&nbsp; + 50\u20ac par logement suppl\u00e9mentaire \u00e0 la m\u00eame adresse<\/p>\n<p>L\u2019achat d\u2019un audit d\u00e9clenche syst\u00e9matiquement un RDV t\u00e9l\u00e9phonique pour la r\u00e9colte d\u2019informations et un \u00e9change sur vos besoins sp\u00e9cifiques&nbsp; \u2013 Livraison 72H (hors lancement et promotion) +25\u20ac pour une livraison en express (24h)<\/p>\t\t\t\t\t<\/div>\n\t\t\t\t\t\t<\/div>\n\t\t\t\t<\/div>\n\t\t\t\t\t\t<\/div>\n\t\t\t\t\t<\/div>\n\t\t<\/div>\n\t\t\t\t\t\t\t\t<\/div>\n\t\t\t\t\t<\/div>\n\t\t<\/section>\n\t\t\t\t<section class=\"elementor-section elementor-top-section elementor-element elementor-element-72af175 elementor-section-boxed elementor-section-height-default elementor-section-height-default\" data-id=\"72af175\" data-element_type=\"section\">\n\t\t\t\t\t\t<div class=\"elementor-container elementor-column-gap-default\">\n\t\t\t\t\t\t\t<div class=\"elementor-row\">\n\t\t\t\t\t<div class=\"elementor-column elementor-col-100 elementor-top-column elementor-element elementor-element-9d36df1\" data-id=\"9d36df1\" data-element_type=\"column\">\n\t\t\t<div class=\"elementor-column-wrap elementor-element-populated\">\n\t\t\t\t\t\t\t<div class=\"elementor-widget-wrap\">\n\t\t\t\t\t\t<div class=\"elementor-element elementor-element-3180513 elementor-widget elementor-widget-text-editor\" data-id=\"3180513\" data-element_type=\"widget\" data-widget_type=\"text-editor.default\">\n\t\t\t\t<div class=\"elementor-widget-container\">\n\t\t\t\t\t\t\t\t<div class=\"elementor-text-editor elementor-clearfix\">\n\t\t\t\t<h1><div id=\"simpay-stripe_checkout-form-wrap-1217\" class=\"simpay-form-wrap simpay-stripe_checkout-form-wrap\"><form action=\"\" method=\"post\" class=\"simpay-checkout-form simpay-form-1217 simpay-styled\" id=\"simpay-form-1217\" data-simpay-form-id=\"1217\" ><div class=\"simpay-form-control\"><button id=\"\" class=\"simpay-btn simpay-payment-btn stripe-button-el\"><span>Je commande mon Audit !<\/span><\/button><\/div><input type=\"hidden\" name=\"simpay_form_id\" value=\"1217\" \/><input type=\"hidden\" name=\"simpay_amount\" value=\"\" class=\"simpay-amount\" \/><div class=\"simpay-errors\" id=\"simpay-form-1217-error\"><\/div><input type=\"hidden\" id=\"_wpnonce\" name=\"_wpnonce\" value=\"953e782ab3\" \/><input type=\"hidden\" name=\"_wp_http_referer\" value=\"\/index.php?rest_route=%2Fwp%2Fv2%2Fpages%2F991\" \/><\/form><\/div><\/h1>\t\t\t\t\t<\/div>\n\t\t\t\t\t\t<\/div>\n\t\t\t\t<\/div>\n\t\t\t\t\t\t<\/div>\n\t\t\t\t\t<\/div>\n\t\t<\/div>\n\t\t\t\t\t\t\t\t<\/div>\n\t\t\t\t\t<\/div>\n\t\t<\/section>\n\t\t\t\t<section class=\"elementor-section elementor-top-section elementor-element elementor-element-665fd6d elementor-section-boxed elementor-section-height-default elementor-section-height-default\" data-id=\"665fd6d\" data-element_type=\"section\">\n\t\t\t\t\t\t<div class=\"elementor-container elementor-column-gap-default\">\n\t\t\t\t\t\t\t<div class=\"elementor-row\">\n\t\t\t\t\t<div class=\"elementor-column elementor-col-100 elementor-top-column elementor-element elementor-element-fbd45ed\" data-id=\"fbd45ed\" data-element_type=\"column\">\n\t\t\t<div class=\"elementor-column-wrap elementor-element-populated\">\n\t\t\t\t\t\t\t<div class=\"elementor-widget-wrap\">\n\t\t\t\t\t\t<div class=\"elementor-element elementor-element-5ad8758 elementor-widget elementor-widget-spacer\" data-id=\"5ad8758\" data-element_type=\"widget\" data-widget_type=\"spacer.default\">\n\t\t\t\t<div class=\"elementor-widget-container\">\n\t\t\t\t\t<div class=\"elementor-spacer\">\n\t\t\t<div class=\"elementor-spacer-inner\"><\/div>\n\t\t<\/div>\n\t\t\t\t<\/div>\n\t\t\t\t<\/div>\n\t\t\t\t<div class=\"elementor-element elementor-element-91d634e elementor-widget elementor-widget-heading\" data-id=\"91d634e\" data-element_type=\"widget\" data-widget_type=\"heading.default\">\n\t\t\t\t<div class=\"elementor-widget-container\">\n\t\t\t<h2 class=\"elementor-heading-title elementor-size-default\">Des Questions \u00e0 propos de l'Audit BOOSTER de r\u00e9sultats locatifs ?<\/h2>\t\t<\/div>\n\t\t\t\t<\/div>\n\t\t\t\t\t\t<\/div>\n\t\t\t\t\t<\/div>\n\t\t<\/div>\n\t\t\t\t\t\t\t\t<\/div>\n\t\t\t\t\t<\/div>\n\t\t<\/section>\n\t\t\t\t<section class=\"elementor-section elementor-top-section elementor-element elementor-element-58ad15f elementor-section-boxed elementor-section-height-default elementor-section-height-default\" data-id=\"58ad15f\" data-element_type=\"section\">\n\t\t\t\t\t\t<div class=\"elementor-container elementor-column-gap-default\">\n\t\t\t\t\t\t\t<div class=\"elementor-row\">\n\t\t\t\t\t<div class=\"elementor-column elementor-col-100 elementor-top-column elementor-element elementor-element-7f5bcaf\" data-id=\"7f5bcaf\" data-element_type=\"column\">\n\t\t\t<div class=\"elementor-column-wrap elementor-element-populated\">\n\t\t\t\t\t\t\t<div class=\"elementor-widget-wrap\">\n\t\t\t\t\t\t<div class=\"elementor-element elementor-element-81780b4 elementor-widget elementor-widget-wp-widget-custom_html\" data-id=\"81780b4\" data-element_type=\"widget\" data-widget_type=\"wp-widget-custom_html.default\">\n\t\t\t\t<div class=\"elementor-widget-container\">\n\t\t\t<div class=\"textwidget custom-html-widget\"><div role=\"form\" class=\"wpcf7\" id=\"wpcf7-f956-o1\" lang=\"fr-FR\" dir=\"ltr\">\n<div class=\"screen-reader-response\"><p role=\"status\" aria-live=\"polite\" aria-atomic=\"true\"><\/p> <ul><\/ul><\/div>\n<form action=\"\/index.php?rest_route=%2Fwp%2Fv2%2Fpages%2F991#wpcf7-f956-o1\" method=\"post\" class=\"wpcf7-form init\" enctype=\"multipart\/form-data\" novalidate=\"novalidate\" data-status=\"init\">\n<div style=\"display: none;\">\n<input type=\"hidden\" name=\"_wpcf7\" value=\"956\" \/>\n<input type=\"hidden\" name=\"_wpcf7_version\" value=\"5.4.2\" \/>\n<input type=\"hidden\" name=\"_wpcf7_locale\" value=\"fr_FR\" \/>\n<input type=\"hidden\" name=\"_wpcf7_unit_tag\" value=\"wpcf7-f956-o1\" \/>\n<input type=\"hidden\" name=\"_wpcf7_container_post\" value=\"0\" \/>\n<input type=\"hidden\" name=\"_wpcf7_posted_data_hash\" value=\"\" \/>\n<\/div>\n<p><label> Votre nom (Obligatoire)<br \/>\n    <span class=\"wpcf7-form-control-wrap your-name\"><input type=\"text\" name=\"your-name\" value=\"\" size=\"40\" class=\"wpcf7-form-control wpcf7-text wpcf7-validates-as-required\" aria-required=\"true\" aria-invalid=\"false\" \/><\/span> <\/label><\/p>\n<p><label> Votre email (Obligatoire)<br \/>\n    <span class=\"wpcf7-form-control-wrap your-email\"><input type=\"email\" name=\"your-email\" value=\"\" size=\"40\" class=\"wpcf7-form-control wpcf7-text wpcf7-email wpcf7-validates-as-required wpcf7-validates-as-email\" aria-required=\"true\" aria-invalid=\"false\" \/><\/span> <\/label><\/p>\n<p><label> Objet<br \/>\n    <span class=\"wpcf7-form-control-wrap your-subject\"><input type=\"text\" name=\"your-subject\" value=\"\" size=\"40\" class=\"wpcf7-form-control wpcf7-text wpcf7-validates-as-required\" aria-required=\"true\" aria-invalid=\"false\" \/><\/span> <\/label><\/p>\n<p><label> Votre message<br \/>\n    <span class=\"wpcf7-form-control-wrap your-message\"><textarea name=\"your-message\" cols=\"40\" rows=\"10\" class=\"wpcf7-form-control wpcf7-textarea\" aria-invalid=\"false\"><\/textarea><\/span> <\/label><\/p>\n<p><span class=\"wpcf7-form-control-wrap file-811\"><input type=\"file\" name=\"file-811\" size=\"40\" class=\"wpcf7-form-control wpcf7-file\" accept=\".jpg,.jpeg,.png,.gif,.pdf,.doc,.docx,.ppt,.pptx,.odt,.avi,.ogg,.m4a,.mov,.mp3,.mp4,.mpg,.wav,.wmv\" aria-invalid=\"false\" \/><\/span><\/p>\n<p><input type=\"submit\" value=\"Envoyer\" class=\"wpcf7-form-control wpcf7-submit\" \/><\/p>\n<div class=\"wpcf7-response-output\" aria-hidden=\"true\"><\/div><\/form><\/div><\/div>\t\t<\/div>\n\t\t\t\t<\/div>\n\t\t\t\t\t\t<\/div>\n\t\t\t\t\t<\/div>\n\t\t<\/div>\n\t\t\t\t\t\t\t\t<\/div>\n\t\t\t\t\t<\/div>\n\t\t<\/section>\n\t\t\t\t\t\t\t\t\t<\/div>\n\t\t\t<\/div>\n\t\t\t\t\t<\/div>\n\t\t","protected":false},"excerpt":{"rendered":"<p>Le secteur de la location courte dur\u00e9e est devenu tellement concurrentiel qu&#8217;il est devenu indispensable de se professionnaliser ! POURQUOI\u00a0faire un Audit de mes logements en location ? &#8211; Augmenter mon taux de r\u00e9servation &#8211; Augmenter ma rentabilit\u00e9 &#8211; Augmenter mes notes et ma satisfaction client &#8211; (Re)devenir concurrentiel et tendance &#8211; \u00catre conformes aux [&hellip;]<\/p>\n","protected":false},"author":1,"featured_media":0,"parent":0,"menu_order":0,"comment_status":"closed","ping_status":"closed","template":"","meta":[],"yoast_head":"<!-- This site is optimized with the Yoast SEO plugin v19.4 - https:\/\/yoast.com\/wordpress\/plugins\/seo\/ -->\n<title>Audit - D\u00e9co Rentable<\/title>\n<meta name=\"robots\" content=\"index, follow, max-snippet:-1, max-image-preview:large, max-video-preview:-1\" \/>\n<link rel=\"canonical\" href=\"https:\/\/deco-rentable.fr\/?page_id=991\" \/>\n<meta property=\"og:locale\" content=\"fr_FR\" \/>\n<meta property=\"og:type\" content=\"article\" \/>\n<meta property=\"og:title\" content=\"Audit - D\u00e9co Rentable\" \/>\n<meta property=\"og:description\" content=\"Le secteur de la location courte dur\u00e9e est devenu tellement concurrentiel qu&#8217;il est devenu indispensable de se professionnaliser ! POURQUOI\u00a0faire un Audit de mes logements en location ? &#8211; Augmenter mon taux de r\u00e9servation &#8211; Augmenter ma rentabilit\u00e9 &#8211; Augmenter mes notes et ma satisfaction client &#8211; (Re)devenir concurrentiel et tendance &#8211; \u00catre conformes aux [&hellip;]\" \/>\n<meta property=\"og:url\" content=\"https:\/\/deco-rentable.fr\/?page_id=991\" \/>\n<meta property=\"og:site_name\" content=\"D\u00e9co Rentable\" \/>\n<meta property=\"article:modified_time\" content=\"2021-05-07T09:52:53+00:00\" \/>\n<meta property=\"og:image\" content=\"https:\/\/deco-rentable.fr\/wp-content\/uploads\/2020\/11\/Audit2-copie-768x768.jpg\" \/>\n<meta name=\"twitter:card\" content=\"summary_large_image\" \/>\n<meta name=\"twitter:label1\" content=\"Dur\u00e9e de lecture estim\u00e9e\" \/>\n\t<meta name=\"twitter:data1\" content=\"1 minute\" \/>\n<script type=\"application\/ld+json\" class=\"yoast-schema-graph\">{\"@context\":\"https:\/\/schema.org\",\"@graph\":[{\"@type\":\"Organization\",\"@id\":\"https:\/\/deco-rentable.fr\/#organization\",\"name\":\"D\u00e9co Rentable\",\"url\":\"https:\/\/deco-rentable.fr\/\",\"sameAs\":[],\"logo\":{\"@type\":\"ImageObject\",\"inLanguage\":\"fr-FR\",\"@id\":\"https:\/\/deco-rentable.fr\/#\/schema\/logo\/image\/\",\"url\":\"https:\/\/deco-rentable.fr\/wp-content\/uploads\/2020\/11\/cropped-DR-Deco-Rentable-copie.jpg\",\"contentUrl\":\"https:\/\/deco-rentable.fr\/wp-content\/uploads\/2020\/11\/cropped-DR-Deco-Rentable-copie.jpg\",\"width\":1024,\"height\":280,\"caption\":\"D\u00e9co Rentable\"},\"image\":{\"@id\":\"https:\/\/deco-rentable.fr\/#\/schema\/logo\/image\/\"}},{\"@type\":\"WebSite\",\"@id\":\"https:\/\/deco-rentable.fr\/#website\",\"url\":\"https:\/\/deco-rentable.fr\/\",\"name\":\"D\u00e9co Rentable\",\"description\":\"La d\u00e9coration rentable\",\"publisher\":{\"@id\":\"https:\/\/deco-rentable.fr\/#organization\"},\"potentialAction\":[{\"@type\":\"SearchAction\",\"target\":{\"@type\":\"EntryPoint\",\"urlTemplate\":\"https:\/\/deco-rentable.fr\/?s={search_term_string}\"},\"query-input\":\"required name=search_term_string\"}],\"inLanguage\":\"fr-FR\"},{\"@type\":\"WebPage\",\"@id\":\"https:\/\/deco-rentable.fr\/?page_id=991\",\"url\":\"https:\/\/deco-rentable.fr\/?page_id=991\",\"name\":\"Audit - D\u00e9co Rentable\",\"isPartOf\":{\"@id\":\"https:\/\/deco-rentable.fr\/#website\"},\"datePublished\":\"2020-11-05T21:48:52+00:00\",\"dateModified\":\"2021-05-07T09:52:53+00:00\",\"breadcrumb\":{\"@id\":\"https:\/\/deco-rentable.fr\/?page_id=991#breadcrumb\"},\"inLanguage\":\"fr-FR\",\"potentialAction\":[{\"@type\":\"ReadAction\",\"target\":[\"https:\/\/deco-rentable.fr\/?page_id=991\"]}]},{\"@type\":\"BreadcrumbList\",\"@id\":\"https:\/\/deco-rentable.fr\/?page_id=991#breadcrumb\",\"itemListElement\":[{\"@type\":\"ListItem\",\"position\":1,\"name\":\"Accueil\",\"item\":\"https:\/\/deco-rentable.fr\/\"},{\"@type\":\"ListItem\",\"position\":2,\"name\":\"Audit\"}]}]}<\/script>\n<!-- \/ Yoast SEO plugin. -->","yoast_head_json":{"title":"Audit - D\u00e9co Rentable","robots":{"index":"index","follow":"follow","max-snippet":"max-snippet:-1","max-image-preview":"max-image-preview:large","max-video-preview":"max-video-preview:-1"},"canonical":"https:\/\/deco-rentable.fr\/?page_id=991","og_locale":"fr_FR","og_type":"article","og_title":"Audit - D\u00e9co Rentable","og_description":"Le secteur de la location courte dur\u00e9e est devenu tellement concurrentiel qu&#8217;il est devenu indispensable de se professionnaliser ! POURQUOI\u00a0faire un Audit de mes logements en location ? &#8211; Augmenter mon taux de r\u00e9servation &#8211; Augmenter ma rentabilit\u00e9 &#8211; Augmenter mes notes et ma satisfaction client &#8211; (Re)devenir concurrentiel et tendance &#8211; \u00catre conformes aux [&hellip;]","og_url":"https:\/\/deco-rentable.fr\/?page_id=991","og_site_name":"D\u00e9co Rentable","article_modified_time":"2021-05-07T09:52:53+00:00","og_image":[{"url":"https:\/\/deco-rentable.fr\/wp-content\/uploads\/2020\/11\/Audit2-copie-768x768.jpg"}],"twitter_card":"summary_large_image","twitter_misc":{"Dur\u00e9e de lecture estim\u00e9e":"1 minute"},"schema":{"@context":"https:\/\/schema.org","@graph":[{"@type":"Organization","@id":"https:\/\/deco-rentable.fr\/#organization","name":"D\u00e9co Rentable","url":"https:\/\/deco-rentable.fr\/","sameAs":[],"logo":{"@type":"ImageObject","inLanguage":"fr-FR","@id":"https:\/\/deco-rentable.fr\/#\/schema\/logo\/image\/","url":"https:\/\/deco-rentable.fr\/wp-content\/uploads\/2020\/11\/cropped-DR-Deco-Rentable-copie.jpg","contentUrl":"https:\/\/deco-rentable.fr\/wp-content\/uploads\/2020\/11\/cropped-DR-Deco-Rentable-copie.jpg","width":1024,"height":280,"caption":"D\u00e9co Rentable"},"image":{"@id":"https:\/\/deco-rentable.fr\/#\/schema\/logo\/image\/"}},{"@type":"WebSite","@id":"https:\/\/deco-rentable.fr\/#website","url":"https:\/\/deco-rentable.fr\/","name":"D\u00e9co Rentable","description":"La d\u00e9coration rentable","publisher":{"@id":"https:\/\/deco-rentable.fr\/#organization"},"potentialAction":[{"@type":"SearchAction","target":{"@type":"EntryPoint","urlTemplate":"https:\/\/deco-rentable.fr\/?s={search_term_string}"},"query-input":"required name=search_term_string"}],"inLanguage":"fr-FR"},{"@type":"WebPage","@id":"https:\/\/deco-rentable.fr\/?page_id=991","url":"https:\/\/deco-rentable.fr\/?page_id=991","name":"Audit - D\u00e9co Rentable","isPartOf":{"@id":"https:\/\/deco-rentable.fr\/#website"},"datePublished":"2020-11-05T21:48:52+00:00","dateModified":"2021-05-07T09:52:53+00:00","breadcrumb":{"@id":"https:\/\/deco-rentable.fr\/?page_id=991#breadcrumb"},"inLanguage":"fr-FR","potentialAction":[{"@type":"ReadAction","target":["https:\/\/deco-rentable.fr\/?page_id=991"]}]},{"@type":"BreadcrumbList","@id":"https:\/\/deco-rentable.fr\/?page_id=991#breadcrumb","itemListElement":[{"@type":"ListItem","position":1,"name":"Accueil","item":"https:\/\/deco-rentable.fr\/"},{"@type":"ListItem","position":2,"name":"Audit"}]}]}},"_links":{"self":[{"href":"https:\/\/deco-rentable.fr\/index.php?rest_route=\/wp\/v2\/pages\/991"}],"collection":[{"href":"https:\/\/deco-rentable.fr\/index.php?rest_route=\/wp\/v2\/pages"}],"about":[{"href":"https:\/\/deco-rentable.fr\/index.php?rest_route=\/wp\/v2\/types\/page"}],"author":[{"embeddable":true,"href":"https:\/\/deco-rentable.fr\/index.php?rest_route=\/wp\/v2\/users\/1"}],"replies":[{"embeddable":true,"href":"https:\/\/deco-rentable.fr\/index.php?rest_route=%2Fwp%2Fv2%2Fcomments&post=991"}],"version-history":[{"count":16,"href":"https:\/\/deco-rentable.fr\/index.php?rest_route=\/wp\/v2\/pages\/991\/revisions"}],"predecessor-version":[{"id":1277,"href":"https:\/\/deco-rentable.fr\/index.php?rest_route=\/wp\/v2\/pages\/991\/revisions\/1277"}],"wp:attachment":[{"href":"https:\/\/deco-rentable.fr\/index.php?rest_route=%2Fwp%2Fv2%2Fmedia&parent=991"}],"curies":[{"name":"wp","href":"https:\/\/api.w.org\/{rel}","templated":true}]}}