{"id":339,"date":"2016-11-03T17:37:59","date_gmt":"2016-11-03T17:37:59","guid":{"rendered":"http:\/\/lawyer2.mythemecloud.io\/?page_id=339"},"modified":"2021-04-05T00:46:58","modified_gmt":"2021-04-04T22:46:58","slug":"attorneys","status":"publish","type":"page","link":"https:\/\/deco-rentable.fr\/?page_id=339","title":{"rendered":"L&#8217;accompagnements D\u00c9CO-RENTABLE"},"content":{"rendered":"\t\t<div data-elementor-type=\"wp-post\" data-elementor-id=\"339\" class=\"elementor elementor-339\">\n\t\t\t\t\t\t<div class=\"elementor-inner\">\n\t\t\t\t<div class=\"elementor-section-wrap\">\n\t\t\t\t\t\t\t\t\t<section class=\"elementor-section elementor-top-section elementor-element elementor-element-91c13f4 elementor-section-boxed elementor-section-height-default elementor-section-height-default\" data-id=\"91c13f4\" data-element_type=\"section\">\n\t\t\t\t\t\t<div class=\"elementor-container elementor-column-gap-default\">\n\t\t\t\t\t\t\t<div class=\"elementor-row\">\n\t\t\t\t\t<div class=\"elementor-column elementor-col-100 elementor-top-column elementor-element elementor-element-65854d2\" data-id=\"65854d2\" data-element_type=\"column\">\n\t\t\t<div class=\"elementor-column-wrap elementor-element-populated\">\n\t\t\t\t\t\t\t<div class=\"elementor-widget-wrap\">\n\t\t\t\t\t\t<div class=\"elementor-element elementor-element-b8cffe9 elementor-widget elementor-widget-text-editor\" data-id=\"b8cffe9\" data-element_type=\"widget\" data-widget_type=\"text-editor.default\">\n\t\t\t\t<div class=\"elementor-widget-container\">\n\t\t\t\t\t\t\t\t<div class=\"elementor-text-editor elementor-clearfix\">\n\t\t\t\t<h4>Je vous propose un accompagnement complet, cl\u00e9 en main, personnalis\u00e9 et finan\u00e7able par la banque avec comme ligne de conduite : une RENTABILIT\u00c9 MAXIMUM<\/h4><div>Voici les \u00e9tapes de cet accompagnement :<\/div>\t\t\t\t\t<\/div>\n\t\t\t\t\t\t<\/div>\n\t\t\t\t<\/div>\n\t\t\t\t\t\t<\/div>\n\t\t\t\t\t<\/div>\n\t\t<\/div>\n\t\t\t\t\t\t\t\t<\/div>\n\t\t\t\t\t<\/div>\n\t\t<\/section>\n\t\t\t\t<section class=\"elementor-section elementor-top-section elementor-element elementor-element-e93b92b elementor-section-boxed elementor-section-height-default elementor-section-height-default\" data-id=\"e93b92b\" data-element_type=\"section\">\n\t\t\t\t\t\t<div class=\"elementor-container elementor-column-gap-default\">\n\t\t\t\t\t\t\t<div class=\"elementor-row\">\n\t\t\t\t\t<div class=\"elementor-column elementor-col-100 elementor-top-column elementor-element elementor-element-6a7003d\" data-id=\"6a7003d\" data-element_type=\"column\">\n\t\t\t<div class=\"elementor-column-wrap elementor-element-populated\">\n\t\t\t\t\t\t\t<div class=\"elementor-widget-wrap\">\n\t\t\t\t\t\t<div class=\"elementor-element elementor-element-7ad6b5a elementor-widget elementor-widget-spacer\" data-id=\"7ad6b5a\" data-element_type=\"widget\" data-widget_type=\"spacer.default\">\n\t\t\t\t<div class=\"elementor-widget-container\">\n\t\t\t\t\t<div class=\"elementor-spacer\">\n\t\t\t<div class=\"elementor-spacer-inner\"><\/div>\n\t\t<\/div>\n\t\t\t\t<\/div>\n\t\t\t\t<\/div>\n\t\t\t\t\t\t<\/div>\n\t\t\t\t\t<\/div>\n\t\t<\/div>\n\t\t\t\t\t\t\t\t<\/div>\n\t\t\t\t\t<\/div>\n\t\t<\/section>\n\t\t\t\t<section class=\"elementor-section elementor-top-section elementor-element elementor-element-295b04e elementor-section-stretched elementor-section-boxed elementor-section-height-default elementor-section-height-default\" data-id=\"295b04e\" data-element_type=\"section\" data-settings=\"{&quot;stretch_section&quot;:&quot;section-stretched&quot;}\">\n\t\t\t\t\t\t<div class=\"elementor-container elementor-column-gap-wide\">\n\t\t\t\t\t\t\t<div class=\"elementor-row\">\n\t\t\t\t\t<div class=\"elementor-column elementor-col-20 elementor-top-column elementor-element elementor-element-8790027\" data-id=\"8790027\" data-element_type=\"column\">\n\t\t\t<div class=\"elementor-column-wrap elementor-element-populated\">\n\t\t\t\t\t\t\t<div class=\"elementor-widget-wrap\">\n\t\t\t\t\t\t<div class=\"elementor-element elementor-element-09c9499 elementor-view-default elementor-mobile-position-top elementor-vertical-align-top elementor-widget elementor-widget-icon-box\" data-id=\"09c9499\" data-element_type=\"widget\" data-widget_type=\"icon-box.default\">\n\t\t\t\t<div class=\"elementor-widget-container\">\n\t\t\t\t\t<div class=\"elementor-icon-box-wrapper\">\n\t\t\t\t\t\t<div class=\"elementor-icon-box-icon\">\n\t\t\t\t<span class=\"elementor-icon elementor-animation-\" >\n\t\t\t\t<i aria-hidden=\"true\" class=\"fas fa-list-ul\"><\/i>\t\t\t\t<\/span>\n\t\t\t<\/div>\n\t\t\t\t\t\t<div class=\"elementor-icon-box-content\">\n\t\t\t\t<h3 class=\"elementor-icon-box-title\">\n\t\t\t\t\t<span  >\n\t\t\t\t\t\t\u00c9tape 1 : L' \u00e9tude de march\u00e9 approfondie\t\t\t\t\t<\/span>\n\t\t\t\t<\/h3>\n\t\t\t\t\t\t\t\t\t<p class=\"elementor-icon-box-description\">\n\t\t\t\t\t\tUne analyse approfondie de l'environnement, la ville, la concurrence, du\/des logements pour en d\u00e9finir le type de location id\u00e9al, la client\u00e8le potentielle et le style d'am\u00e9nagement et de d\u00e9coration adapt\u00e9.\t\t\t\t\t<\/p>\n\t\t\t\t\t\t\t<\/div>\n\t\t<\/div>\n\t\t\t\t<\/div>\n\t\t\t\t<\/div>\n\t\t\t\t\t\t<\/div>\n\t\t\t\t\t<\/div>\n\t\t<\/div>\n\t\t\t\t<div class=\"elementor-column elementor-col-20 elementor-top-column elementor-element elementor-element-3650053\" data-id=\"3650053\" data-element_type=\"column\">\n\t\t\t<div class=\"elementor-column-wrap elementor-element-populated\">\n\t\t\t\t\t\t\t<div class=\"elementor-widget-wrap\">\n\t\t\t\t\t\t<div class=\"elementor-element elementor-element-845b160 elementor-view-default elementor-mobile-position-top elementor-vertical-align-top elementor-widget elementor-widget-icon-box\" data-id=\"845b160\" data-element_type=\"widget\" data-widget_type=\"icon-box.default\">\n\t\t\t\t<div class=\"elementor-widget-container\">\n\t\t\t\t\t<div class=\"elementor-icon-box-wrapper\">\n\t\t\t\t\t\t<div class=\"elementor-icon-box-icon\">\n\t\t\t\t<span class=\"elementor-icon elementor-animation-\" >\n\t\t\t\t<i aria-hidden=\"true\" class=\"far fa-object-group\"><\/i>\t\t\t\t<\/span>\n\t\t\t<\/div>\n\t\t\t\t\t\t<div class=\"elementor-icon-box-content\">\n\t\t\t\t<h3 class=\"elementor-icon-box-title\">\n\t\t\t\t\t<span  >\n\t\t\t\t\t\t\u00c9tape 2 : Mise sur plans 2D et 3D\t\t\t\t\t<\/span>\n\t\t\t\t<\/h3>\n\t\t\t\t\t\t\t\t\t<p class=\"elementor-icon-box-description\">\n\t\t\t\t\t\tJe met sur plans votre\/vos logements pour pr\u00e9parer votre am\u00e9nagement. Les propositions son \u00e9volutives et permettent de se projeter rapidement. Cela peut aussi \u00eatre un bon outils lors des travaux de r\u00e9novations.\t\t\t\t\t<\/p>\n\t\t\t\t\t\t\t<\/div>\n\t\t<\/div>\n\t\t\t\t<\/div>\n\t\t\t\t<\/div>\n\t\t\t\t\t\t<\/div>\n\t\t\t\t\t<\/div>\n\t\t<\/div>\n\t\t\t\t<div class=\"elementor-column elementor-col-20 elementor-top-column elementor-element elementor-element-4b76d7f\" data-id=\"4b76d7f\" data-element_type=\"column\">\n\t\t\t<div class=\"elementor-column-wrap elementor-element-populated\">\n\t\t\t\t\t\t\t<div class=\"elementor-widget-wrap\">\n\t\t\t\t\t\t<div class=\"elementor-element elementor-element-8b3b42f elementor-view-default elementor-mobile-position-top elementor-vertical-align-top elementor-widget elementor-widget-icon-box\" data-id=\"8b3b42f\" data-element_type=\"widget\" data-widget_type=\"icon-box.default\">\n\t\t\t\t<div class=\"elementor-widget-container\">\n\t\t\t\t\t<div class=\"elementor-icon-box-wrapper\">\n\t\t\t\t\t\t<div class=\"elementor-icon-box-icon\">\n\t\t\t\t<span class=\"elementor-icon elementor-animation-\" >\n\t\t\t\t<i aria-hidden=\"true\" class=\"fas fa-couch\"><\/i>\t\t\t\t<\/span>\n\t\t\t<\/div>\n\t\t\t\t\t\t<div class=\"elementor-icon-box-content\">\n\t\t\t\t<h3 class=\"elementor-icon-box-title\">\n\t\t\t\t\t<span  >\n\t\t\t\t\t\t\u00c9tape 3 : Liste de meubles et commandes\t\t\t\t\t<\/span>\n\t\t\t\t<\/h3>\n\t\t\t\t\t\t\t\t\t<p class=\"elementor-icon-box-description\">\n\t\t\t\t\t\tUne fois les plans et la d\u00e9coration valid\u00e9s, le moment est venue de cr\u00e9er un bon de commande complet qui s'av\u00e8rera \u00eatre aussi un parfait inventaire, indispensable pour toutes locations.\t\t\t\t\t<\/p>\n\t\t\t\t\t\t\t<\/div>\n\t\t<\/div>\n\t\t\t\t<\/div>\n\t\t\t\t<\/div>\n\t\t\t\t\t\t<\/div>\n\t\t\t\t\t<\/div>\n\t\t<\/div>\n\t\t\t\t<div class=\"elementor-column elementor-col-20 elementor-top-column elementor-element elementor-element-c1c8fb7\" data-id=\"c1c8fb7\" data-element_type=\"column\">\n\t\t\t<div class=\"elementor-column-wrap elementor-element-populated\">\n\t\t\t\t\t\t\t<div class=\"elementor-widget-wrap\">\n\t\t\t\t\t\t<div class=\"elementor-element elementor-element-e91a5b7 elementor-view-default elementor-mobile-position-top elementor-vertical-align-top elementor-widget elementor-widget-icon-box\" data-id=\"e91a5b7\" data-element_type=\"widget\" data-widget_type=\"icon-box.default\">\n\t\t\t\t<div class=\"elementor-widget-container\">\n\t\t\t\t\t<div class=\"elementor-icon-box-wrapper\">\n\t\t\t\t\t\t<div class=\"elementor-icon-box-icon\">\n\t\t\t\t<span class=\"elementor-icon elementor-animation-\" >\n\t\t\t\t<i aria-hidden=\"true\" class=\"fas fa-dolly\"><\/i>\t\t\t\t<\/span>\n\t\t\t<\/div>\n\t\t\t\t\t\t<div class=\"elementor-icon-box-content\">\n\t\t\t\t<h3 class=\"elementor-icon-box-title\">\n\t\t\t\t\t<span  >\n\t\t\t\t\t\t\u00c9tape 4 : Livraison et installation\t\t\t\t\t<\/span>\n\t\t\t\t<\/h3>\n\t\t\t\t\t\t\t\t\t<p class=\"elementor-icon-box-description\">\n\t\t\t\t\t\tJe me d\u00e9place avec mon \u00e9quipe de monteurs pour r\u00e9ceptionner et installer les articles en commande valid\u00e9s ensembles. Du meuble TV aux rideaux sans oublier la passoire nous nous occupons de TOUT.\t\t\t\t\t<\/p>\n\t\t\t\t\t\t\t<\/div>\n\t\t<\/div>\n\t\t\t\t<\/div>\n\t\t\t\t<\/div>\n\t\t\t\t\t\t<\/div>\n\t\t\t\t\t<\/div>\n\t\t<\/div>\n\t\t\t\t<div class=\"elementor-column elementor-col-20 elementor-top-column elementor-element elementor-element-03e7911\" data-id=\"03e7911\" data-element_type=\"column\">\n\t\t\t<div class=\"elementor-column-wrap elementor-element-populated\">\n\t\t\t\t\t\t\t<div class=\"elementor-widget-wrap\">\n\t\t\t\t\t\t<div class=\"elementor-element elementor-element-d98cab0 elementor-view-default elementor-mobile-position-top elementor-vertical-align-top elementor-widget elementor-widget-icon-box\" data-id=\"d98cab0\" data-element_type=\"widget\" data-widget_type=\"icon-box.default\">\n\t\t\t\t<div class=\"elementor-widget-container\">\n\t\t\t\t\t<div class=\"elementor-icon-box-wrapper\">\n\t\t\t\t\t\t<div class=\"elementor-icon-box-icon\">\n\t\t\t\t<span class=\"elementor-icon elementor-animation-\" >\n\t\t\t\t<i aria-hidden=\"true\" class=\"fas fa-key\"><\/i>\t\t\t\t<\/span>\n\t\t\t<\/div>\n\t\t\t\t\t\t<div class=\"elementor-icon-box-content\">\n\t\t\t\t<h3 class=\"elementor-icon-box-title\">\n\t\t\t\t\t<span  >\n\t\t\t\t\t\t\u00c9tape 5 : Aide \u00e0 la mise en location\t\t\t\t\t<\/span>\n\t\t\t\t<\/h3>\n\t\t\t\t\t\t\t\t\t<p class=\"elementor-icon-box-description\">\n\t\t\t\t\t\tS\u00e9ance photos avec un professionnel, r\u00e9daction d'annonces, livret d'accueil, et conseils pour une mise en location r\u00e9ussie sont les derniers points qui viendront cl\u00f4turer et parfaire cet accompagnement.\t\t\t\t\t<\/p>\n\t\t\t\t\t\t\t<\/div>\n\t\t<\/div>\n\t\t\t\t<\/div>\n\t\t\t\t<\/div>\n\t\t\t\t\t\t<\/div>\n\t\t\t\t\t<\/div>\n\t\t<\/div>\n\t\t\t\t\t\t\t\t<\/div>\n\t\t\t\t\t<\/div>\n\t\t<\/section>\n\t\t\t\t<section class=\"elementor-section elementor-top-section elementor-element elementor-element-c50e42d elementor-section-boxed elementor-section-height-default elementor-section-height-default\" data-id=\"c50e42d\" data-element_type=\"section\">\n\t\t\t\t\t\t<div class=\"elementor-container elementor-column-gap-default\">\n\t\t\t\t\t\t\t<div class=\"elementor-row\">\n\t\t\t\t\t<div class=\"elementor-column elementor-col-100 elementor-top-column elementor-element elementor-element-c23132e\" data-id=\"c23132e\" data-element_type=\"column\">\n\t\t\t<div class=\"elementor-column-wrap elementor-element-populated\">\n\t\t\t\t\t\t\t<div class=\"elementor-widget-wrap\">\n\t\t\t\t\t\t<div class=\"elementor-element elementor-element-6679401 elementor-widget elementor-widget-spacer\" data-id=\"6679401\" data-element_type=\"widget\" data-widget_type=\"spacer.default\">\n\t\t\t\t<div class=\"elementor-widget-container\">\n\t\t\t\t\t<div class=\"elementor-spacer\">\n\t\t\t<div class=\"elementor-spacer-inner\"><\/div>\n\t\t<\/div>\n\t\t\t\t<\/div>\n\t\t\t\t<\/div>\n\t\t\t\t\t\t<\/div>\n\t\t\t\t\t<\/div>\n\t\t<\/div>\n\t\t\t\t\t\t\t\t<\/div>\n\t\t\t\t\t<\/div>\n\t\t<\/section>\n\t\t\t\t<section class=\"elementor-section elementor-top-section elementor-element elementor-element-6f32ab4 elementor-section-boxed elementor-section-height-default elementor-section-height-default\" data-id=\"6f32ab4\" data-element_type=\"section\">\n\t\t\t\t\t\t<div class=\"elementor-container elementor-column-gap-default\">\n\t\t\t\t\t\t\t<div class=\"elementor-row\">\n\t\t\t\t\t<div class=\"elementor-column elementor-col-50 elementor-top-column elementor-element elementor-element-08a4103\" data-id=\"08a4103\" data-element_type=\"column\">\n\t\t\t<div class=\"elementor-column-wrap elementor-element-populated\">\n\t\t\t\t\t\t\t<div class=\"elementor-widget-wrap\">\n\t\t\t\t\t\t<div class=\"elementor-element elementor-element-5ad9bcf elementor-widget elementor-widget-image\" data-id=\"5ad9bcf\" data-element_type=\"widget\" data-widget_type=\"image.default\">\n\t\t\t\t<div class=\"elementor-widget-container\">\n\t\t\t\t\t\t\t\t<div class=\"elementor-image\">\n\t\t\t\t\t\t\t\t\t\t\t\t<img width=\"768\" height=\"512\" src=\"https:\/\/deco-rentable.fr\/wp-content\/uploads\/2021\/04\/Sans-titre-2-768x512.jpg\" class=\"attachment-medium_large size-medium_large wp-image-1142\" alt=\"\" loading=\"lazy\" srcset=\"https:\/\/deco-rentable.fr\/wp-content\/uploads\/2021\/04\/Sans-titre-2-768x512.jpg 768w, https:\/\/deco-rentable.fr\/wp-content\/uploads\/2021\/04\/Sans-titre-2-300x200.jpg 300w, https:\/\/deco-rentable.fr\/wp-content\/uploads\/2021\/04\/Sans-titre-2-1024x683.jpg 1024w, https:\/\/deco-rentable.fr\/wp-content\/uploads\/2021\/04\/Sans-titre-2.jpg 1440w\" sizes=\"(max-width: 768px) 100vw, 768px\" \/>\t\t\t\t\t\t\t\t\t\t\t\t\t\t<\/div>\n\t\t\t\t\t\t<\/div>\n\t\t\t\t<\/div>\n\t\t\t\t\t\t<\/div>\n\t\t\t\t\t<\/div>\n\t\t<\/div>\n\t\t\t\t<div class=\"elementor-column elementor-col-50 elementor-top-column elementor-element elementor-element-2e15b89\" data-id=\"2e15b89\" data-element_type=\"column\">\n\t\t\t<div class=\"elementor-column-wrap elementor-element-populated\">\n\t\t\t\t\t\t\t<div class=\"elementor-widget-wrap\">\n\t\t\t\t\t\t<div class=\"elementor-element elementor-element-967be57 elementor-widget elementor-widget-heading\" data-id=\"967be57\" data-element_type=\"widget\" data-widget_type=\"heading.default\">\n\t\t\t\t<div class=\"elementor-widget-container\">\n\t\t\t<h2 class=\"elementor-heading-title elementor-size-xl\">Vous voulez en savoir plus ?<\/h2>\t\t<\/div>\n\t\t\t\t<\/div>\n\t\t\t\t<div class=\"elementor-element elementor-element-4fb6787 elementor-widget elementor-widget-text-editor\" data-id=\"4fb6787\" data-element_type=\"widget\" data-widget_type=\"text-editor.default\">\n\t\t\t\t<div class=\"elementor-widget-container\">\n\t\t\t\t\t\t\t\t<div class=\"elementor-text-editor elementor-clearfix\">\n\t\t\t\t<p>N&#8217;h\u00e9sitez pas \u00e0 m&#8217;envoyer un mail pour me faire part de votre projet ! Il n&#8217;est jamais trop t\u00f4t pour \u00e9changer ou r\u00e9server votre place !<\/p><p>\u00a0<\/p><h2><a href=\"mailto:contact@deco-rentable.fr\">contact@deco-rentable.fr<\/a><\/h2><p>\u00a0<\/p><p>**ATTENTION** Je ne propose que 4 accompagnements \/ an<\/p>\t\t\t\t\t<\/div>\n\t\t\t\t\t\t<\/div>\n\t\t\t\t<\/div>\n\t\t\t\t\t\t<\/div>\n\t\t\t\t\t<\/div>\n\t\t<\/div>\n\t\t\t\t\t\t\t\t<\/div>\n\t\t\t\t\t<\/div>\n\t\t<\/section>\n\t\t\t\t<section class=\"elementor-section elementor-top-section elementor-element elementor-element-48675fb elementor-section-boxed elementor-section-height-default elementor-section-height-default\" data-id=\"48675fb\" data-element_type=\"section\">\n\t\t\t\t\t\t<div class=\"elementor-container elementor-column-gap-default\">\n\t\t\t\t\t\t\t<div class=\"elementor-row\">\n\t\t\t\t\t<div class=\"elementor-column elementor-col-100 elementor-top-column elementor-element elementor-element-9cce610\" data-id=\"9cce610\" data-element_type=\"column\">\n\t\t\t<div class=\"elementor-column-wrap\">\n\t\t\t\t\t\t\t<div class=\"elementor-widget-wrap\">\n\t\t\t\t\t\t\t\t<\/div>\n\t\t\t\t\t<\/div>\n\t\t<\/div>\n\t\t\t\t\t\t\t\t<\/div>\n\t\t\t\t\t<\/div>\n\t\t<\/section>\n\t\t\t\t\t\t\t\t\t<\/div>\n\t\t\t<\/div>\n\t\t\t\t\t<\/div>\n\t\t","protected":false},"excerpt":{"rendered":"<p>Je vous propose un accompagnement complet, cl\u00e9 en main, personnalis\u00e9 et finan\u00e7able par la banque avec comme ligne de conduite : une RENTABILIT\u00c9 MAXIMUM Voici les \u00e9tapes de cet accompagnement : \u00c9tape 1 : L&#8217; \u00e9tude de march\u00e9 approfondie Une analyse approfondie de l&#8217;environnement, la ville, la concurrence, du\/des logements pour en d\u00e9finir le type [&hellip;]<\/p>\n","protected":false},"author":1,"featured_media":0,"parent":0,"menu_order":0,"comment_status":"closed","ping_status":"closed","template":"","meta":[],"yoast_head":"<!-- This site is optimized with the Yoast SEO plugin v19.4 - https:\/\/yoast.com\/wordpress\/plugins\/seo\/ -->\n<title>L&#039;accompagnements D\u00c9CO-RENTABLE - D\u00e9co Rentable<\/title>\n<meta name=\"robots\" content=\"index, follow, max-snippet:-1, max-image-preview:large, max-video-preview:-1\" \/>\n<link rel=\"canonical\" href=\"https:\/\/deco-rentable.fr\/?page_id=339\" \/>\n<meta property=\"og:locale\" content=\"fr_FR\" \/>\n<meta property=\"og:type\" content=\"article\" \/>\n<meta property=\"og:title\" content=\"L&#039;accompagnements D\u00c9CO-RENTABLE - D\u00e9co Rentable\" \/>\n<meta property=\"og:description\" content=\"Je vous propose un accompagnement complet, cl\u00e9 en main, personnalis\u00e9 et finan\u00e7able par la banque avec comme ligne de conduite : une RENTABILIT\u00c9 MAXIMUM Voici les \u00e9tapes de cet accompagnement : \u00c9tape 1 : L&#8217; \u00e9tude de march\u00e9 approfondie Une analyse approfondie de l&#8217;environnement, la ville, la concurrence, du\/des logements pour en d\u00e9finir le type [&hellip;]\" \/>\n<meta property=\"og:url\" content=\"https:\/\/deco-rentable.fr\/?page_id=339\" \/>\n<meta property=\"og:site_name\" content=\"D\u00e9co Rentable\" \/>\n<meta property=\"article:modified_time\" content=\"2021-04-04T22:46:58+00:00\" \/>\n<meta property=\"og:image\" content=\"http:\/\/deco-rentable.fr\/wp-content\/uploads\/2021\/04\/Sans-titre-2-768x512.jpg\" \/>\n<meta name=\"twitter:card\" content=\"summary_large_image\" \/>\n<meta name=\"twitter:label1\" content=\"Dur\u00e9e de lecture estim\u00e9e\" \/>\n\t<meta name=\"twitter:data1\" content=\"2 minutes\" \/>\n<script type=\"application\/ld+json\" class=\"yoast-schema-graph\">{\"@context\":\"https:\/\/schema.org\",\"@graph\":[{\"@type\":\"Organization\",\"@id\":\"https:\/\/deco-rentable.fr\/#organization\",\"name\":\"D\u00e9co Rentable\",\"url\":\"https:\/\/deco-rentable.fr\/\",\"sameAs\":[],\"logo\":{\"@type\":\"ImageObject\",\"inLanguage\":\"fr-FR\",\"@id\":\"https:\/\/deco-rentable.fr\/#\/schema\/logo\/image\/\",\"url\":\"https:\/\/deco-rentable.fr\/wp-content\/uploads\/2020\/11\/cropped-DR-Deco-Rentable-copie.jpg\",\"contentUrl\":\"https:\/\/deco-rentable.fr\/wp-content\/uploads\/2020\/11\/cropped-DR-Deco-Rentable-copie.jpg\",\"width\":1024,\"height\":280,\"caption\":\"D\u00e9co Rentable\"},\"image\":{\"@id\":\"https:\/\/deco-rentable.fr\/#\/schema\/logo\/image\/\"}},{\"@type\":\"WebSite\",\"@id\":\"https:\/\/deco-rentable.fr\/#website\",\"url\":\"https:\/\/deco-rentable.fr\/\",\"name\":\"D\u00e9co Rentable\",\"description\":\"La d\u00e9coration rentable\",\"publisher\":{\"@id\":\"https:\/\/deco-rentable.fr\/#organization\"},\"potentialAction\":[{\"@type\":\"SearchAction\",\"target\":{\"@type\":\"EntryPoint\",\"urlTemplate\":\"https:\/\/deco-rentable.fr\/?s={search_term_string}\"},\"query-input\":\"required name=search_term_string\"}],\"inLanguage\":\"fr-FR\"},{\"@type\":\"WebPage\",\"@id\":\"https:\/\/deco-rentable.fr\/?page_id=339\",\"url\":\"https:\/\/deco-rentable.fr\/?page_id=339\",\"name\":\"L'accompagnements D\u00c9CO-RENTABLE - D\u00e9co Rentable\",\"isPartOf\":{\"@id\":\"https:\/\/deco-rentable.fr\/#website\"},\"datePublished\":\"2016-11-03T17:37:59+00:00\",\"dateModified\":\"2021-04-04T22:46:58+00:00\",\"breadcrumb\":{\"@id\":\"https:\/\/deco-rentable.fr\/?page_id=339#breadcrumb\"},\"inLanguage\":\"fr-FR\",\"potentialAction\":[{\"@type\":\"ReadAction\",\"target\":[\"https:\/\/deco-rentable.fr\/?page_id=339\"]}]},{\"@type\":\"BreadcrumbList\",\"@id\":\"https:\/\/deco-rentable.fr\/?page_id=339#breadcrumb\",\"itemListElement\":[{\"@type\":\"ListItem\",\"position\":1,\"name\":\"Accueil\",\"item\":\"https:\/\/deco-rentable.fr\/\"},{\"@type\":\"ListItem\",\"position\":2,\"name\":\"L&#8217;accompagnements D\u00c9CO-RENTABLE\"}]}]}<\/script>\n<!-- \/ Yoast SEO plugin. -->","yoast_head_json":{"title":"L'accompagnements D\u00c9CO-RENTABLE - D\u00e9co Rentable","robots":{"index":"index","follow":"follow","max-snippet":"max-snippet:-1","max-image-preview":"max-image-preview:large","max-video-preview":"max-video-preview:-1"},"canonical":"https:\/\/deco-rentable.fr\/?page_id=339","og_locale":"fr_FR","og_type":"article","og_title":"L'accompagnements D\u00c9CO-RENTABLE - D\u00e9co Rentable","og_description":"Je vous propose un accompagnement complet, cl\u00e9 en main, personnalis\u00e9 et finan\u00e7able par la banque avec comme ligne de conduite : une RENTABILIT\u00c9 MAXIMUM Voici les \u00e9tapes de cet accompagnement : \u00c9tape 1 : L&#8217; \u00e9tude de march\u00e9 approfondie Une analyse approfondie de l&#8217;environnement, la ville, la concurrence, du\/des logements pour en d\u00e9finir le type [&hellip;]","og_url":"https:\/\/deco-rentable.fr\/?page_id=339","og_site_name":"D\u00e9co Rentable","article_modified_time":"2021-04-04T22:46:58+00:00","og_image":[{"url":"http:\/\/deco-rentable.fr\/wp-content\/uploads\/2021\/04\/Sans-titre-2-768x512.jpg"}],"twitter_card":"summary_large_image","twitter_misc":{"Dur\u00e9e de lecture estim\u00e9e":"2 minutes"},"schema":{"@context":"https:\/\/schema.org","@graph":[{"@type":"Organization","@id":"https:\/\/deco-rentable.fr\/#organization","name":"D\u00e9co Rentable","url":"https:\/\/deco-rentable.fr\/","sameAs":[],"logo":{"@type":"ImageObject","inLanguage":"fr-FR","@id":"https:\/\/deco-rentable.fr\/#\/schema\/logo\/image\/","url":"https:\/\/deco-rentable.fr\/wp-content\/uploads\/2020\/11\/cropped-DR-Deco-Rentable-copie.jpg","contentUrl":"https:\/\/deco-rentable.fr\/wp-content\/uploads\/2020\/11\/cropped-DR-Deco-Rentable-copie.jpg","width":1024,"height":280,"caption":"D\u00e9co Rentable"},"image":{"@id":"https:\/\/deco-rentable.fr\/#\/schema\/logo\/image\/"}},{"@type":"WebSite","@id":"https:\/\/deco-rentable.fr\/#website","url":"https:\/\/deco-rentable.fr\/","name":"D\u00e9co Rentable","description":"La d\u00e9coration rentable","publisher":{"@id":"https:\/\/deco-rentable.fr\/#organization"},"potentialAction":[{"@type":"SearchAction","target":{"@type":"EntryPoint","urlTemplate":"https:\/\/deco-rentable.fr\/?s={search_term_string}"},"query-input":"required name=search_term_string"}],"inLanguage":"fr-FR"},{"@type":"WebPage","@id":"https:\/\/deco-rentable.fr\/?page_id=339","url":"https:\/\/deco-rentable.fr\/?page_id=339","name":"L'accompagnements D\u00c9CO-RENTABLE - D\u00e9co Rentable","isPartOf":{"@id":"https:\/\/deco-rentable.fr\/#website"},"datePublished":"2016-11-03T17:37:59+00:00","dateModified":"2021-04-04T22:46:58+00:00","breadcrumb":{"@id":"https:\/\/deco-rentable.fr\/?page_id=339#breadcrumb"},"inLanguage":"fr-FR","potentialAction":[{"@type":"ReadAction","target":["https:\/\/deco-rentable.fr\/?page_id=339"]}]},{"@type":"BreadcrumbList","@id":"https:\/\/deco-rentable.fr\/?page_id=339#breadcrumb","itemListElement":[{"@type":"ListItem","position":1,"name":"Accueil","item":"https:\/\/deco-rentable.fr\/"},{"@type":"ListItem","position":2,"name":"L&#8217;accompagnements D\u00c9CO-RENTABLE"}]}]}},"_links":{"self":[{"href":"https:\/\/deco-rentable.fr\/index.php?rest_route=\/wp\/v2\/pages\/339"}],"collection":[{"href":"https:\/\/deco-rentable.fr\/index.php?rest_route=\/wp\/v2\/pages"}],"about":[{"href":"https:\/\/deco-rentable.fr\/index.php?rest_route=\/wp\/v2\/types\/page"}],"author":[{"embeddable":true,"href":"https:\/\/deco-rentable.fr\/index.php?rest_route=\/wp\/v2\/users\/1"}],"replies":[{"embeddable":true,"href":"https:\/\/deco-rentable.fr\/index.php?rest_route=%2Fwp%2Fv2%2Fcomments&post=339"}],"version-history":[{"count":79,"href":"https:\/\/deco-rentable.fr\/index.php?rest_route=\/wp\/v2\/pages\/339\/revisions"}],"predecessor-version":[{"id":1171,"href":"https:\/\/deco-rentable.fr\/index.php?rest_route=\/wp\/v2\/pages\/339\/revisions\/1171"}],"wp:attachment":[{"href":"https:\/\/deco-rentable.fr\/index.php?rest_route=%2Fwp%2Fv2%2Fmedia&parent=339"}],"curies":[{"name":"wp","href":"https:\/\/api.w.org\/{rel}","templated":true}]}}