{"id":1246,"date":"2021-04-10T17:06:33","date_gmt":"2021-04-10T15:06:33","guid":{"rendered":"https:\/\/deco-rentable.fr\/?page_id=1246"},"modified":"2021-04-10T17:06:34","modified_gmt":"2021-04-10T15:06:34","slug":"mentions-legales","status":"publish","type":"page","link":"https:\/\/deco-rentable.fr\/?page_id=1246","title":{"rendered":"Mentions L\u00e9gales"},"content":{"rendered":"\n<p><strong>Conception et production<\/strong><\/p>\n\n\n\n<p>D\u00c9CO RENTABLE<br>SASU au capital de 500 \u20ac<br>Immatricul\u00e9e au Registre du Commerce et des Soci\u00e9t\u00e9s de Pau<br>Siren : 880609441<br>Siret : 88060944100014<br>Code APE\/NAF : \u00c9tudes de march\u00e9 et sondages (7320Z)<br>Directeur de la publication : Julie DOULCIER<br>Si\u00e8ge social : 5 chemin des pr\u00e9s 64420 NOUSTY<br>Email : contact@deco-rentable.fr<\/p>\n\n\n\n<p><br>D\u00e9veloppement : Julie DOULCIER<br>H\u00e9bergement : OVH S.A.S 2 rue Kellermann &#8211; 59100 Roubaix &#8211; France.<\/p>\n","protected":false},"excerpt":{"rendered":"<p>Conception et production D\u00c9CO RENTABLESASU au capital de 500 \u20acImmatricul\u00e9e au Registre du Commerce et des Soci\u00e9t\u00e9s de PauSiren : 880609441Siret : 88060944100014Code APE\/NAF : \u00c9tudes de march\u00e9 et sondages (7320Z)Directeur de la publication : Julie DOULCIERSi\u00e8ge social : 5 chemin des pr\u00e9s 64420 NOUSTYEmail : contact@deco-rentable.fr D\u00e9veloppement : Julie DOULCIERH\u00e9bergement : OVH S.A.S 2 [&hellip;]<\/p>\n","protected":false},"author":1,"featured_media":0,"parent":0,"menu_order":0,"comment_status":"closed","ping_status":"closed","template":"","meta":[],"yoast_head":"<!-- This site is optimized with the Yoast SEO plugin v19.4 - https:\/\/yoast.com\/wordpress\/plugins\/seo\/ -->\n<title>Mentions L\u00e9gales - D\u00e9co Rentable<\/title>\n<meta name=\"robots\" content=\"index, follow, max-snippet:-1, max-image-preview:large, max-video-preview:-1\" \/>\n<link rel=\"canonical\" href=\"https:\/\/deco-rentable.fr\/?page_id=1246\" \/>\n<meta property=\"og:locale\" content=\"fr_FR\" \/>\n<meta property=\"og:type\" content=\"article\" \/>\n<meta property=\"og:title\" content=\"Mentions L\u00e9gales - D\u00e9co Rentable\" \/>\n<meta property=\"og:description\" content=\"Conception et production D\u00c9CO RENTABLESASU au capital de 500 \u20acImmatricul\u00e9e au Registre du Commerce et des Soci\u00e9t\u00e9s de PauSiren : 880609441Siret : 88060944100014Code APE\/NAF : \u00c9tudes de march\u00e9 et sondages (7320Z)Directeur de la publication : Julie DOULCIERSi\u00e8ge social : 5 chemin des pr\u00e9s 64420 NOUSTYEmail : contact@deco-rentable.fr D\u00e9veloppement : Julie DOULCIERH\u00e9bergement : OVH S.A.S 2 [&hellip;]\" \/>\n<meta property=\"og:url\" content=\"https:\/\/deco-rentable.fr\/?page_id=1246\" \/>\n<meta property=\"og:site_name\" content=\"D\u00e9co Rentable\" \/>\n<meta property=\"article:modified_time\" content=\"2021-04-10T15:06:34+00:00\" \/>\n<meta name=\"twitter:card\" content=\"summary_large_image\" \/>\n<meta name=\"twitter:label1\" content=\"Dur\u00e9e de lecture estim\u00e9e\" \/>\n\t<meta name=\"twitter:data1\" content=\"1 minute\" \/>\n<script type=\"application\/ld+json\" class=\"yoast-schema-graph\">{\"@context\":\"https:\/\/schema.org\",\"@graph\":[{\"@type\":\"Organization\",\"@id\":\"https:\/\/deco-rentable.fr\/#organization\",\"name\":\"D\u00e9co Rentable\",\"url\":\"https:\/\/deco-rentable.fr\/\",\"sameAs\":[],\"logo\":{\"@type\":\"ImageObject\",\"inLanguage\":\"fr-FR\",\"@id\":\"https:\/\/deco-rentable.fr\/#\/schema\/logo\/image\/\",\"url\":\"https:\/\/deco-rentable.fr\/wp-content\/uploads\/2020\/11\/cropped-DR-Deco-Rentable-copie.jpg\",\"contentUrl\":\"https:\/\/deco-rentable.fr\/wp-content\/uploads\/2020\/11\/cropped-DR-Deco-Rentable-copie.jpg\",\"width\":1024,\"height\":280,\"caption\":\"D\u00e9co Rentable\"},\"image\":{\"@id\":\"https:\/\/deco-rentable.fr\/#\/schema\/logo\/image\/\"}},{\"@type\":\"WebSite\",\"@id\":\"https:\/\/deco-rentable.fr\/#website\",\"url\":\"https:\/\/deco-rentable.fr\/\",\"name\":\"D\u00e9co Rentable\",\"description\":\"La d\u00e9coration rentable\",\"publisher\":{\"@id\":\"https:\/\/deco-rentable.fr\/#organization\"},\"potentialAction\":[{\"@type\":\"SearchAction\",\"target\":{\"@type\":\"EntryPoint\",\"urlTemplate\":\"https:\/\/deco-rentable.fr\/?s={search_term_string}\"},\"query-input\":\"required name=search_term_string\"}],\"inLanguage\":\"fr-FR\"},{\"@type\":\"WebPage\",\"@id\":\"https:\/\/deco-rentable.fr\/?page_id=1246\",\"url\":\"https:\/\/deco-rentable.fr\/?page_id=1246\",\"name\":\"Mentions L\u00e9gales - D\u00e9co Rentable\",\"isPartOf\":{\"@id\":\"https:\/\/deco-rentable.fr\/#website\"},\"datePublished\":\"2021-04-10T15:06:33+00:00\",\"dateModified\":\"2021-04-10T15:06:34+00:00\",\"breadcrumb\":{\"@id\":\"https:\/\/deco-rentable.fr\/?page_id=1246#breadcrumb\"},\"inLanguage\":\"fr-FR\",\"potentialAction\":[{\"@type\":\"ReadAction\",\"target\":[\"https:\/\/deco-rentable.fr\/?page_id=1246\"]}]},{\"@type\":\"BreadcrumbList\",\"@id\":\"https:\/\/deco-rentable.fr\/?page_id=1246#breadcrumb\",\"itemListElement\":[{\"@type\":\"ListItem\",\"position\":1,\"name\":\"Accueil\",\"item\":\"https:\/\/deco-rentable.fr\/\"},{\"@type\":\"ListItem\",\"position\":2,\"name\":\"Mentions L\u00e9gales\"}]}]}<\/script>\n<!-- \/ Yoast SEO plugin. -->","yoast_head_json":{"title":"Mentions L\u00e9gales - D\u00e9co Rentable","robots":{"index":"index","follow":"follow","max-snippet":"max-snippet:-1","max-image-preview":"max-image-preview:large","max-video-preview":"max-video-preview:-1"},"canonical":"https:\/\/deco-rentable.fr\/?page_id=1246","og_locale":"fr_FR","og_type":"article","og_title":"Mentions L\u00e9gales - D\u00e9co Rentable","og_description":"Conception et production D\u00c9CO RENTABLESASU au capital de 500 \u20acImmatricul\u00e9e au Registre du Commerce et des Soci\u00e9t\u00e9s de PauSiren : 880609441Siret : 88060944100014Code APE\/NAF : \u00c9tudes de march\u00e9 et sondages (7320Z)Directeur de la publication : Julie DOULCIERSi\u00e8ge social : 5 chemin des pr\u00e9s 64420 NOUSTYEmail : contact@deco-rentable.fr D\u00e9veloppement : Julie DOULCIERH\u00e9bergement : OVH S.A.S 2 [&hellip;]","og_url":"https:\/\/deco-rentable.fr\/?page_id=1246","og_site_name":"D\u00e9co Rentable","article_modified_time":"2021-04-10T15:06:34+00:00","twitter_card":"summary_large_image","twitter_misc":{"Dur\u00e9e de lecture estim\u00e9e":"1 minute"},"schema":{"@context":"https:\/\/schema.org","@graph":[{"@type":"Organization","@id":"https:\/\/deco-rentable.fr\/#organization","name":"D\u00e9co Rentable","url":"https:\/\/deco-rentable.fr\/","sameAs":[],"logo":{"@type":"ImageObject","inLanguage":"fr-FR","@id":"https:\/\/deco-rentable.fr\/#\/schema\/logo\/image\/","url":"https:\/\/deco-rentable.fr\/wp-content\/uploads\/2020\/11\/cropped-DR-Deco-Rentable-copie.jpg","contentUrl":"https:\/\/deco-rentable.fr\/wp-content\/uploads\/2020\/11\/cropped-DR-Deco-Rentable-copie.jpg","width":1024,"height":280,"caption":"D\u00e9co Rentable"},"image":{"@id":"https:\/\/deco-rentable.fr\/#\/schema\/logo\/image\/"}},{"@type":"WebSite","@id":"https:\/\/deco-rentable.fr\/#website","url":"https:\/\/deco-rentable.fr\/","name":"D\u00e9co Rentable","description":"La d\u00e9coration rentable","publisher":{"@id":"https:\/\/deco-rentable.fr\/#organization"},"potentialAction":[{"@type":"SearchAction","target":{"@type":"EntryPoint","urlTemplate":"https:\/\/deco-rentable.fr\/?s={search_term_string}"},"query-input":"required name=search_term_string"}],"inLanguage":"fr-FR"},{"@type":"WebPage","@id":"https:\/\/deco-rentable.fr\/?page_id=1246","url":"https:\/\/deco-rentable.fr\/?page_id=1246","name":"Mentions L\u00e9gales - D\u00e9co Rentable","isPartOf":{"@id":"https:\/\/deco-rentable.fr\/#website"},"datePublished":"2021-04-10T15:06:33+00:00","dateModified":"2021-04-10T15:06:34+00:00","breadcrumb":{"@id":"https:\/\/deco-rentable.fr\/?page_id=1246#breadcrumb"},"inLanguage":"fr-FR","potentialAction":[{"@type":"ReadAction","target":["https:\/\/deco-rentable.fr\/?page_id=1246"]}]},{"@type":"BreadcrumbList","@id":"https:\/\/deco-rentable.fr\/?page_id=1246#breadcrumb","itemListElement":[{"@type":"ListItem","position":1,"name":"Accueil","item":"https:\/\/deco-rentable.fr\/"},{"@type":"ListItem","position":2,"name":"Mentions L\u00e9gales"}]}]}},"_links":{"self":[{"href":"https:\/\/deco-rentable.fr\/index.php?rest_route=\/wp\/v2\/pages\/1246"}],"collection":[{"href":"https:\/\/deco-rentable.fr\/index.php?rest_route=\/wp\/v2\/pages"}],"about":[{"href":"https:\/\/deco-rentable.fr\/index.php?rest_route=\/wp\/v2\/types\/page"}],"author":[{"embeddable":true,"href":"https:\/\/deco-rentable.fr\/index.php?rest_route=\/wp\/v2\/users\/1"}],"replies":[{"embeddable":true,"href":"https:\/\/deco-rentable.fr\/index.php?rest_route=%2Fwp%2Fv2%2Fcomments&post=1246"}],"version-history":[{"count":1,"href":"https:\/\/deco-rentable.fr\/index.php?rest_route=\/wp\/v2\/pages\/1246\/revisions"}],"predecessor-version":[{"id":1247,"href":"https:\/\/deco-rentable.fr\/index.php?rest_route=\/wp\/v2\/pages\/1246\/revisions\/1247"}],"wp:attachment":[{"href":"https:\/\/deco-rentable.fr\/index.php?rest_route=%2Fwp%2Fv2%2Fmedia&parent=1246"}],"curies":[{"name":"wp","href":"https:\/\/api.w.org\/{rel}","templated":true}]}}